{"id":74,"date":"2026-02-25T06:56:09","date_gmt":"2026-02-25T06:56:09","guid":{"rendered":"https:\/\/lucie.zolta.cz\/?page_id=74"},"modified":"2026-02-25T06:56:09","modified_gmt":"2026-02-25T06:56:09","slug":"poznamky","status":"publish","type":"page","link":"https:\/\/lucie.zolta.cz\/?page_id=74","title":{"rendered":"Pozn\u00e1mky"},"content":{"rendered":"<ul class=\"wp-block-latest-posts__list wp-block-latest-posts\"><li><a class=\"wp-block-latest-posts__post-title\" href=\"https:\/\/lucie.zolta.cz\/?p=84\">Responzivn\u00ed plovouc\u00ed divy<\/a><\/li>\n<li><a class=\"wp-block-latest-posts__post-title\" href=\"https:\/\/lucie.zolta.cz\/?p=77\">Trka\u010d (samo\u010dinn\u00e9 \u010derpadlo)<\/a><\/li>\n<li><a class=\"wp-block-latest-posts__post-title\" href=\"https:\/\/lucie.zolta.cz\/?p=68\">Clipping (p\u0159ebuzen\u00ed zvuku)<\/a><\/li>\n<\/ul>\n\n\n<p><\/p>\n","protected":false},"excerpt":{"rendered":"","protected":false},"author":1,"featured_media":0,"parent":0,"menu_order":0,"comment_status":"closed","ping_status":"closed","template":"","meta":{"footnotes":""},"class_list":["post-74","page","type-page","status-publish","hentry"],"_links":{"self":[{"href":"https:\/\/lucie.zolta.cz\/index.php?rest_route=\/wp\/v2\/pages\/74","targetHints":{"allow":["GET"]}}],"collection":[{"href":"https:\/\/lucie.zolta.cz\/index.php?rest_route=\/wp\/v2\/pages"}],"about":[{"href":"https:\/\/lucie.zolta.cz\/index.php?rest_route=\/wp\/v2\/types\/page"}],"author":[{"embeddable":true,"href":"https:\/\/lucie.zolta.cz\/index.php?rest_route=\/wp\/v2\/users\/1"}],"replies":[{"embeddable":true,"href":"https:\/\/lucie.zolta.cz\/index.php?rest_route=%2Fwp%2Fv2%2Fcomments&post=74"}],"version-history":[{"count":1,"href":"https:\/\/lucie.zolta.cz\/index.php?rest_route=\/wp\/v2\/pages\/74\/revisions"}],"predecessor-version":[{"id":75,"href":"https:\/\/lucie.zolta.cz\/index.php?rest_route=\/wp\/v2\/pages\/74\/revisions\/75"}],"wp:attachment":[{"href":"https:\/\/lucie.zolta.cz\/index.php?rest_route=%2Fwp%2Fv2%2Fmedia&parent=74"}],"curies":[{"name":"wp","href":"https:\/\/api.w.org\/{rel}","templated":true}]}}