{"id":6,"date":"2026-01-19T07:14:41","date_gmt":"2026-01-19T07:14:41","guid":{"rendered":"https:\/\/lucie.zolta.cz\/?page_id=6"},"modified":"2026-01-19T08:12:40","modified_gmt":"2026-01-19T08:12:40","slug":"archiv","status":"publish","type":"page","link":"https:\/\/lucie.zolta.cz\/?page_id=6","title":{"rendered":"Archiv"},"content":{"rendered":"\n<p>V odkazech n\u00ed\u017ee najdete zakonzervovan\u00fd star\u00fd web.<\/p>\n\n\n\n<p><a href=\".\/archiv\/index.php\/statnice-vsb.html\">St\u00e1tnice V\u0160B FEI &#8211; p\u0159\u00edprava 2013<\/a><\/p>\n\n\n\n<p><a href=\"https:\/\/lucie.zolta.cz\/archiv\/index.php\/krouzky-vsechny.html\">Krou\u017eky polytechniky (2019 &#8211; 2023)<\/a><\/p>\n\n\n\n<p><a href=\"https:\/\/lucie.zolta.cz\/archiv\/index.php\/android.html\">Android (2011 &#8211; 2015)<\/a><\/p>\n\n\n\n<p><\/p>\n","protected":false},"excerpt":{"rendered":"<p>V odkazech n\u00ed\u017ee najdete zakonzervovan\u00fd star\u00fd web. St\u00e1tnice V\u0160B FEI &#8211; p\u0159\u00edprava 2013 Krou\u017eky polytechniky (2019 &#8211; 2023) Android (2011 &#8211; 2015)<\/p>\n","protected":false},"author":1,"featured_media":0,"parent":0,"menu_order":0,"comment_status":"closed","ping_status":"closed","template":"","meta":{"footnotes":""},"class_list":["post-6","page","type-page","status-publish","hentry"],"_links":{"self":[{"href":"https:\/\/lucie.zolta.cz\/index.php?rest_route=\/wp\/v2\/pages\/6","targetHints":{"allow":["GET"]}}],"collection":[{"href":"https:\/\/lucie.zolta.cz\/index.php?rest_route=\/wp\/v2\/pages"}],"about":[{"href":"https:\/\/lucie.zolta.cz\/index.php?rest_route=\/wp\/v2\/types\/page"}],"author":[{"embeddable":true,"href":"https:\/\/lucie.zolta.cz\/index.php?rest_route=\/wp\/v2\/users\/1"}],"replies":[{"embeddable":true,"href":"https:\/\/lucie.zolta.cz\/index.php?rest_route=%2Fwp%2Fv2%2Fcomments&post=6"}],"version-history":[{"count":6,"href":"https:\/\/lucie.zolta.cz\/index.php?rest_route=\/wp\/v2\/pages\/6\/revisions"}],"predecessor-version":[{"id":23,"href":"https:\/\/lucie.zolta.cz\/index.php?rest_route=\/wp\/v2\/pages\/6\/revisions\/23"}],"wp:attachment":[{"href":"https:\/\/lucie.zolta.cz\/index.php?rest_route=%2Fwp%2Fv2%2Fmedia&parent=6"}],"curies":[{"name":"wp","href":"https:\/\/api.w.org\/{rel}","templated":true}]}}