{"id":40,"date":"2026-01-19T09:37:02","date_gmt":"2026-01-19T09:37:02","guid":{"rendered":"https:\/\/lucie.zolta.cz\/?page_id=40"},"modified":"2026-01-19T11:42:04","modified_gmt":"2026-01-19T11:42:04","slug":"vitej-na-novem-webu","status":"publish","type":"page","link":"https:\/\/lucie.zolta.cz\/","title":{"rendered":"V\u00edtej na nov\u00e9m webu"},"content":{"rendered":"\n<p>V lednu 2026 jsem musela webovky zrekonstruovat. Star\u00fd web s tunou pozn\u00e1mek mi bylo l\u00edto vyhodit, tak jsem jej zakonzerovavala a najdete jej v archivu. V sekci projekty zjist\u00edte (tak jako j\u00e1 te\u010f :D), \u017ee se m\u016fj \u017eivot to\u010d\u00ed kolem d\u011bt\u00ed a technologi\u00ed.<\/p>\n\n\n\n<p>Tak p\u0159eji p\u0159\u00edjemn\u00e9 browslen\u00ed. A kdyby v\u00e1m to bylo m\u00e1lo, zde jsou n\u011bjak\u00e9 j\u016ftub kan\u00e1ly, na kter\u00e9 ob\u010das n\u011bco hod\u00edm &#8211; <a href=\"https:\/\/www.youtube.com\/@Ucilek\">u\u010d\u00edlek<\/a>, <a href=\"https:\/\/www.youtube.com\/@zasnem\">\u017easnem<\/a>. 32<\/p>\n\n\n\n<p><\/p>\n","protected":false},"excerpt":{"rendered":"<p>V lednu 2026 jsem musela webovky zrekonstruovat. Star\u00fd web s tunou pozn\u00e1mek mi bylo l\u00edto vyhodit, tak jsem jej zakonzerovavala a najdete jej v archivu. V sekci projekty zjist\u00edte (tak jako j\u00e1 te\u010f :D), \u017ee se m\u016fj \u017eivot to\u010d\u00ed kolem d\u011bt\u00ed a technologi\u00ed. Tak p\u0159eji p\u0159\u00edjemn\u00e9 browslen\u00ed. A kdyby v\u00e1m to bylo m\u00e1lo, zde jsou [&hellip;]<\/p>\n","protected":false},"author":1,"featured_media":0,"parent":0,"menu_order":0,"comment_status":"closed","ping_status":"closed","template":"","meta":{"footnotes":""},"class_list":["post-40","page","type-page","status-publish","hentry"],"_links":{"self":[{"href":"https:\/\/lucie.zolta.cz\/index.php?rest_route=\/wp\/v2\/pages\/40","targetHints":{"allow":["GET"]}}],"collection":[{"href":"https:\/\/lucie.zolta.cz\/index.php?rest_route=\/wp\/v2\/pages"}],"about":[{"href":"https:\/\/lucie.zolta.cz\/index.php?rest_route=\/wp\/v2\/types\/page"}],"author":[{"embeddable":true,"href":"https:\/\/lucie.zolta.cz\/index.php?rest_route=\/wp\/v2\/users\/1"}],"replies":[{"embeddable":true,"href":"https:\/\/lucie.zolta.cz\/index.php?rest_route=%2Fwp%2Fv2%2Fcomments&post=40"}],"version-history":[{"count":3,"href":"https:\/\/lucie.zolta.cz\/index.php?rest_route=\/wp\/v2\/pages\/40\/revisions"}],"predecessor-version":[{"id":57,"href":"https:\/\/lucie.zolta.cz\/index.php?rest_route=\/wp\/v2\/pages\/40\/revisions\/57"}],"wp:attachment":[{"href":"https:\/\/lucie.zolta.cz\/index.php?rest_route=%2Fwp%2Fv2%2Fmedia&parent=40"}],"curies":[{"name":"wp","href":"https:\/\/api.w.org\/{rel}","templated":true}]}}