{"id":16,"date":"2026-01-19T08:01:55","date_gmt":"2026-01-19T08:01:55","guid":{"rendered":"https:\/\/lucie.zolta.cz\/?page_id=16"},"modified":"2026-01-19T08:01:55","modified_gmt":"2026-01-19T08:01:55","slug":"projekty","status":"publish","type":"page","link":"https:\/\/lucie.zolta.cz\/?page_id=16","title":{"rendered":"Projekty"},"content":{"rendered":"\n<p><a href=\"http:\/\/www.ucilek.cz\">U\u010d\u00edlek<\/a><\/p>\n\n\n\n<p><a href=\"http:\/\/www.vednice.zolta.cz\">V\u011bdnice<\/a><\/p>\n\n\n\n<p><a href=\"http:\/\/www.e-skola.zolta.cz\">e-skola<\/a><\/p>\n\n\n\n<p><a href=\"https:\/\/www.zasnem.cz\/2024\/04\/11\/3d-modelace-tutorialy\/\">Krou\u017eek polytechniky<\/a><\/p>\n\n\n\n<p><a href=\"https:\/\/www.zasnem.cz\/2024\/12\/11\/tabor-kurzy-programovani-pro-deti-beskydy\/\">T\u00e1bory programov\u00e1n\u00ed<\/a><\/p>\n","protected":false},"excerpt":{"rendered":"<p>U\u010d\u00edlek V\u011bdnice e-skola Krou\u017eek polytechniky T\u00e1bory programov\u00e1n\u00ed<\/p>\n","protected":false},"author":1,"featured_media":0,"parent":0,"menu_order":0,"comment_status":"closed","ping_status":"closed","template":"","meta":{"footnotes":""},"class_list":["post-16","page","type-page","status-publish","hentry"],"_links":{"self":[{"href":"https:\/\/lucie.zolta.cz\/index.php?rest_route=\/wp\/v2\/pages\/16","targetHints":{"allow":["GET"]}}],"collection":[{"href":"https:\/\/lucie.zolta.cz\/index.php?rest_route=\/wp\/v2\/pages"}],"about":[{"href":"https:\/\/lucie.zolta.cz\/index.php?rest_route=\/wp\/v2\/types\/page"}],"author":[{"embeddable":true,"href":"https:\/\/lucie.zolta.cz\/index.php?rest_route=\/wp\/v2\/users\/1"}],"replies":[{"embeddable":true,"href":"https:\/\/lucie.zolta.cz\/index.php?rest_route=%2Fwp%2Fv2%2Fcomments&post=16"}],"version-history":[{"count":1,"href":"https:\/\/lucie.zolta.cz\/index.php?rest_route=\/wp\/v2\/pages\/16\/revisions"}],"predecessor-version":[{"id":17,"href":"https:\/\/lucie.zolta.cz\/index.php?rest_route=\/wp\/v2\/pages\/16\/revisions\/17"}],"wp:attachment":[{"href":"https:\/\/lucie.zolta.cz\/index.php?rest_route=%2Fwp%2Fv2%2Fmedia&parent=16"}],"curies":[{"name":"wp","href":"https:\/\/api.w.org\/{rel}","templated":true}]}}